{"id":3810,"date":"2017-05-18T11:57:21","date_gmt":"2017-05-18T10:57:21","guid":{"rendered":"http:\/\/www.bandadeloriga.pt\/?page_id=3810"},"modified":"2018-12-27T14:50:07","modified_gmt":"2018-12-27T14:50:07","slug":"sinopse-do-livro","status":"publish","type":"page","link":"https:\/\/www.bandadeloriga.pt\/?page_id=3810","title":{"rendered":"Sinopse do livro"},"content":{"rendered":"<p style=\"text-align: justify;\">O livro, <strong>Da Philarmonica Loriguense \u00e0 Sociedade Recreativa Loriguense: um percurso hist\u00f3rico (1906 \u2013 2016),<\/strong> da autoria de Augusto Moura Brito, \u00e9 um estudo hist\u00f3rico e, resulta de uma pesquisa de quase dezasseis meses de intenso trabalho investigativo. A obra est\u00e1 estruturada em 13 (treze) temas, 23 (vinte e tr\u00eas) cap\u00edtulos e 20 (vinte) subcap\u00edtulos, onde \u00e9 tratada com minucia a hist\u00f3ria da Banda Filarm\u00f3nica de Loriga, desde a sua funda\u00e7\u00e3o (1906), at\u00e9 ao ano de 2016. S\u00e3o 110 anos de exist\u00eancia e de incomensur\u00e1veis hist\u00f3rias que ocorreram em muitos espa\u00e7os e lugares.<\/p>\n<p style=\"text-align: justify;\">&nbsp;<strong>A estrutura da obra<\/strong>:<\/p>\n<p style=\"text-align: justify;\">&nbsp;&nbsp;&nbsp;&nbsp;&nbsp;&nbsp;&nbsp;&nbsp; . <strong>No primeiro e segundo<\/strong> temas, aflora-se a hist\u00f3ria das Bandas Filarm\u00f3nicas na Europa, em Portugal e uma breve s\u00edntese da hist\u00f3ria de Loriga.<\/p>\n<p style=\"text-align: justify;\">&nbsp;&nbsp;&nbsp;&nbsp;&nbsp;&nbsp; &nbsp; . <strong>No terceiro e quarto<\/strong> temas, edifica-se a origem da Sociedade Recreativa e Musical Loriguense, as biografias dos fundadores, os corpos sociais, as casas e sedes, o report\u00f3rio, os maestros, os instrumentos, os m\u00fasicos e os fardamentos com um acervo iconogr\u00e1fico important\u00edssimo.<\/p>\n<p style=\"text-align: justify;\">&nbsp;&nbsp;&nbsp;&nbsp;&nbsp;&nbsp;&nbsp;&nbsp;&nbsp;. <strong>No quinto e sexto,<\/strong> aborda-se a import\u00e2ncia da escola de m\u00fasica e as desloca\u00e7\u00f5es mais importantes e significativas.<\/p>\n<p style=\"text-align: justify;\">&nbsp;&nbsp;&nbsp;&nbsp;&nbsp;&nbsp; &nbsp;. <strong>No s\u00e9timo e oitavo,<\/strong> presta-se uma homenagem aos m\u00fasicos com 50 anos e, relatam-se epis\u00f3dios ao longo dos 110 anos da sua exist\u00eancia.<\/p>\n<p style=\"text-align: justify;\">&nbsp;&nbsp;&nbsp;&nbsp;&nbsp;&nbsp;&nbsp;&nbsp;. <strong>Os restantes,<\/strong> constituem o ep\u00edlogo da obra com a inclus\u00e3o de algum acervo.<\/p>\n<p style=\"text-align: justify;\"><strong>O livro representa<\/strong>:<\/p>\n<p style=\"text-align: justify;\">&nbsp;&nbsp;&nbsp;&nbsp;&nbsp;&nbsp;&nbsp; .&nbsp;A hist\u00f3ria de um percurso musical e cultural digno, repleto de muitas mem\u00f3rias e viv\u00eancias que o tempo e a mente ajudaram a corporizar\u2026<\/p>\n<p style=\"text-align: justify;\">&nbsp;&nbsp;&nbsp;&nbsp;&nbsp; .&nbsp;A visibilidade e a marca identit\u00e1ria de uma Institui\u00e7\u00e3o, que soube durante todos estes anos, ser um ve\u00edculo de difus\u00e3o de Loriga e da sua comunidade, caraterizada pelo seu esp\u00edrito obreiro, pela sua qualidade hospitaleira e pelo seu pendor de devotar aos outros &#8211; durante o seu quotidiano vivencial &#8211; muita amizade.<\/p>\n<p style=\"text-align: justify;\">&nbsp;&nbsp;&nbsp;&nbsp;&nbsp; . O apego e a import\u00e2ncia dos loriguenses no Brasil na funda\u00e7\u00e3o da Banda.<\/p>\n<p style=\"text-align: justify;\">Ao longo destes longos anos, procurou-se contextualizar as m\u00faltiplas viv\u00eancias de todos os seus int\u00e9rpretes com registos da hist\u00f3ria local e comunit\u00e1ria, de modo a conduzir o leitor a compreender melhor alguns dos epis\u00f3dios, que comportam os conte\u00fados das narrativas, levando-o a interpretar, mais convenientemente, o presente \u00e0 luz do conhecimento do passado.<\/p>\n<p style=\"text-align: justify;\">Segundo o prof. e maestro S\u00e9rgio Brito, cito:<\/p>\n<p style=\"text-align: justify;\"><em>&nbsp;\u201c(\u2026)&nbsp; <\/em><em>\u00e9 uma obra de uma riqueza de conte\u00fados not\u00e1vel e de grande rigor hist\u00f3rico. <\/em><em>Dada a objetividade e profundidade da investiga\u00e7\u00e3o e a abrang\u00eancia dos seus conte\u00fados, dever\u00e1 ser muito mais que um simples livro, devendo constituir-se como uma ferramenta de estudo e de consulta obrigat\u00f3ria.<\/em><\/p>\n<p style=\"text-align: justify;\"><em>Ao tratar-se da primeira narrativa impressa da nossa Banda de Loriga, ser\u00e1 certamente um passo importante para que a sua hist\u00f3ria n\u00e3o se perca, pois \u00e9 claro e evidente que importantes testemunhos e documentos desapareceram (\u2026)\u201d.<\/em><\/p>\n<p style=\"text-align: justify;\">Segundo o dr. Jos\u00e9 Mendes, cito:<\/p>\n<p style=\"text-align: justify;\">&nbsp;<em>\u201c(\u2026) o livro &#8211; pela sua not\u00e1vel riqueza tem\u00e1tica e densidade informativa, pela sua assinal\u00e1vel coes\u00e3o expositiva e pela sua grande objetividade e rigor na descri\u00e7\u00e3o dos factos, com identifica\u00e7\u00e3o das fontes &#8211; pode tornar-se uma obra de refer\u00eancia, de consulta \u00fatil, que muito ajudar\u00e1 \u00e0 elabora\u00e7\u00e3o de outros trabalhos de investiga\u00e7\u00e3o sobre Loriga. Ressalvando os naturais constrangimentos epistemol\u00f3gicos, que possam surgir, este livro desbrava algum caminho, para quem ousar escrever uma monografia sobre Loriga (\u2026)\u201d.<\/em><\/p>\n<p style=\"text-align: justify;\"><em>Augusto Moura Brito<\/em><\/p>\n<p style=\"text-align: justify;\">1 de julho de 2017<\/p>\n<p>&nbsp;<\/p>\n","protected":false},"excerpt":{"rendered":"<p>O livro, Da Philarmonica Loriguense \u00e0 Sociedade Recreativa Loriguense: um percurso hist\u00f3rico (1906 \u2013 2016), da autoria de Augusto Moura Brito, \u00e9 um estudo hist\u00f3rico e, resulta de uma pesquisa de quase dezasseis meses de intenso trabalho investigativo. A obra est\u00e1 estruturada em 13 (treze) temas, 23 (vinte e tr\u00eas) cap\u00edtulos e 20 (vinte) subcap\u00edtulos,<a href=\"https:\/\/www.bandadeloriga.pt\/?page_id=3810\">[&#8230;]<\/a><\/p>\n","protected":false},"author":1,"featured_media":0,"parent":0,"menu_order":0,"comment_status":"closed","ping_status":"closed","template":"","meta":{"ngg_post_thumbnail":0,"footnotes":""},"class_list":["post-3810","page","type-page","status-publish","hentry"],"_links":{"self":[{"href":"https:\/\/www.bandadeloriga.pt\/index.php?rest_route=\/wp\/v2\/pages\/3810","targetHints":{"allow":["GET"]}}],"collection":[{"href":"https:\/\/www.bandadeloriga.pt\/index.php?rest_route=\/wp\/v2\/pages"}],"about":[{"href":"https:\/\/www.bandadeloriga.pt\/index.php?rest_route=\/wp\/v2\/types\/page"}],"author":[{"embeddable":true,"href":"https:\/\/www.bandadeloriga.pt\/index.php?rest_route=\/wp\/v2\/users\/1"}],"replies":[{"embeddable":true,"href":"https:\/\/www.bandadeloriga.pt\/index.php?rest_route=%2Fwp%2Fv2%2Fcomments&post=3810"}],"version-history":[{"count":19,"href":"https:\/\/www.bandadeloriga.pt\/index.php?rest_route=\/wp\/v2\/pages\/3810\/revisions"}],"predecessor-version":[{"id":3947,"href":"https:\/\/www.bandadeloriga.pt\/index.php?rest_route=\/wp\/v2\/pages\/3810\/revisions\/3947"}],"wp:attachment":[{"href":"https:\/\/www.bandadeloriga.pt\/index.php?rest_route=%2Fwp%2Fv2%2Fmedia&parent=3810"}],"curies":[{"name":"wp","href":"https:\/\/api.w.org\/{rel}","templated":true}]}}