{"id":393,"date":"2016-02-19T11:54:59","date_gmt":"2016-02-19T11:54:59","guid":{"rendered":"http:\/\/bandadocs.no-ip.org\/expbanda\/?page_id=393"},"modified":"2026-02-28T11:21:56","modified_gmt":"2026-02-28T11:21:56","slug":"museu","status":"publish","type":"page","link":"https:\/\/www.bandadeloriga.pt\/?page_id=393","title":{"rendered":"Museu"},"content":{"rendered":"\n<div class=\"wp-block-cover\"><img loading=\"lazy\" decoding=\"async\" width=\"1024\" height=\"768\" class=\"wp-block-cover__image-background wp-image-4250\" alt=\"\" src=\"http:\/\/www.bandadeloriga.pt\/wp-content\/uploads\/2024\/07\/03MUSEU-SRML-1024x768.jpg\" data-object-fit=\"cover\" srcset=\"https:\/\/www.bandadeloriga.pt\/wp-content\/uploads\/2024\/07\/03MUSEU-SRML-1024x768.jpg 1024w, https:\/\/www.bandadeloriga.pt\/wp-content\/uploads\/2024\/07\/03MUSEU-SRML-300x225.jpg 300w, https:\/\/www.bandadeloriga.pt\/wp-content\/uploads\/2024\/07\/03MUSEU-SRML-768x576.jpg 768w, https:\/\/www.bandadeloriga.pt\/wp-content\/uploads\/2024\/07\/03MUSEU-SRML-1536x1152.jpg 1536w, https:\/\/www.bandadeloriga.pt\/wp-content\/uploads\/2024\/07\/03MUSEU-SRML-285x214.jpg 285w, https:\/\/www.bandadeloriga.pt\/wp-content\/uploads\/2024\/07\/03MUSEU-SRML-400x300.jpg 400w, https:\/\/www.bandadeloriga.pt\/wp-content\/uploads\/2024\/07\/03MUSEU-SRML.jpg 2000w\" sizes=\"auto, (max-width: 1024px) 100vw, 1024px\" \/><span aria-hidden=\"true\" class=\"wp-block-cover__background has-background-dim\"><\/span><div class=\"wp-block-cover__inner-container is-layout-flow wp-block-cover-is-layout-flow\">\n<p class=\"has-text-align-center has-large-font-size\"><\/p>\n<\/div><\/div>\n\n\n\n<p><\/p>\n\n\n\n<p><strong>O Museu da Banda de Loriga<\/strong><\/p>\n<p style=\"text-align: left;\">A abertura de um museu na vila de Loriga \u2014 o primeiro concebido rigorosamente segundo as normas museogr\u00e1ficas \u2014 constitui um motivo de est\u00edmulo e congratula\u00e7\u00e3o para todos os loriguenses e agentes culturais. A partir de hoje, \u00e9 disponibilizado ao p\u00fablico um acervo tem\u00e1tico espec\u00edfico, dedicado \u00e0 divulga\u00e7\u00e3o da arte musical e dos seus instrumentos.<\/p>\n<p style=\"text-align: left;\"><strong>Objetivos e Identidade<\/strong><\/p>\n<p style=\"text-align: left;\">O principal prop\u00f3sito deste novo n\u00facleo cultural \u00e9 elevar e valorizar os sons, as melodias, as harmonias e os ritmos que a sua grande embaixadora \u2014 a <strong>Banda<\/strong> \u2014 tem divulgado desde 1906. Os seus 118 anos de hist\u00f3ria s\u00e3o a sua matriz identit\u00e1ria e o seu lema de longevidade.<\/p>\n<p style=\"text-align: left;\">Esta componente museol\u00f3gica s\u00f3 p\u00f4de ser concretizada na sua plenitude gra\u00e7as \u00e0 boa vontade, ao altru\u00edsmo e \u00e0 mestria de alguns, superando a escassez dos recursos or\u00e7amentais dispon\u00edveis.<\/p>\n<p style=\"text-align: left;\"><strong>O Papel do Museu na Comunidade<\/strong><\/p>\n<p style=\"text-align: left;\">Estamos conscientes de que a rela\u00e7\u00e3o entre os cidad\u00e3os e as suas refer\u00eancias culturais se aprofunda quando a reflex\u00e3o e a pr\u00e1tica decorrem de um espa\u00e7o f\u00edsico consolidado \u2014 o Museu. Atrav\u00e9s da gest\u00e3o, pesquisa, documenta\u00e7\u00e3o, curadoria e preserva\u00e7\u00e3o das cole\u00e7\u00f5es, estabelece-se uma comunica\u00e7\u00e3o vital com a comunidade.<\/p>\n<p style=\"text-align: left;\">Este desejo concretizou-se porque as institui\u00e7\u00f5es souberam transcender desafios e estados de esp\u00edrito adversos, aproximando-se das popula\u00e7\u00f5es. Cimentou-se, assim, uma linguagem e um edif\u00edcio pedag\u00f3gico que d\u00e1 continuidade ao papel de forma\u00e7\u00e3o e ensino da m\u00fasica iniciado no princ\u00edpio do s\u00e9culo XX pela <em>Philarmonia Loriguense<\/em>.<\/p>\n<p style=\"text-align: left;\"><strong>Uma Pedagogia Ativa<\/strong><\/p>\n<p style=\"text-align: left;\">O Museu deve ser um prolongamento da gram\u00e1tica educativa. Jamais ser\u00e1 um espa\u00e7o est\u00e1tico ou arcaico para o dep\u00f3sito de &#8220;velharias&#8221;, mas sim um instrumento de pedagogia ativa e multidisciplinar. Al\u00e9m deste imperativo, desejamos que o Museu trace um caminho onde a pr\u00e1tica letiva seja uma constante e o ensino da linguagem musical seja determinante.<\/p>\n<p style=\"text-align: left;\">O Museu \u00e9 hoje uma realidade que n\u00e3o pode ser esquecida pelas institui\u00e7\u00f5es, nomeadamente a C\u00e2mara Municipal de Seia e a Junta de Freguesia de Loriga.<\/p>\n<p style=\"text-align: left;\"><strong>A m\u00fasica \u00e9 uma arte e o Museu o seu suporte pedag\u00f3gico!<\/strong> <strong>Apoiar e divulgar ser\u00e3o os alicerces da sua eterniza\u00e7\u00e3o.<\/strong><\/p>\n<p style=\"text-align: left;\"><strong>Boa visita!<\/strong><\/p>\n<p>O Curador: <em>Augusto Moura Brito<\/em><\/p>\n\n\n\n<figure class=\"wp-block-gallery has-nested-images columns-default is-cropped wp-block-gallery-1 is-layout-flex wp-block-gallery-is-layout-flex\">\n\n\n\n\n<figure class=\"wp-block-image size-large\"><img loading=\"lazy\" decoding=\"async\" width=\"1024\" height=\"768\" data-id=\"4290\" src=\"https:\/\/www.bandadeloriga.pt\/wp-content\/uploads\/2024\/07\/01MUSEU-SRML-1-1024x768.jpg\" alt=\"\" class=\"wp-image-4290\" srcset=\"https:\/\/www.bandadeloriga.pt\/wp-content\/uploads\/2024\/07\/01MUSEU-SRML-1-1024x768.jpg 1024w, https:\/\/www.bandadeloriga.pt\/wp-content\/uploads\/2024\/07\/01MUSEU-SRML-1-300x225.jpg 300w, https:\/\/www.bandadeloriga.pt\/wp-content\/uploads\/2024\/07\/01MUSEU-SRML-1-768x576.jpg 768w, https:\/\/www.bandadeloriga.pt\/wp-content\/uploads\/2024\/07\/01MUSEU-SRML-1-1536x1152.jpg 1536w, https:\/\/www.bandadeloriga.pt\/wp-content\/uploads\/2024\/07\/01MUSEU-SRML-1-285x214.jpg 285w, https:\/\/www.bandadeloriga.pt\/wp-content\/uploads\/2024\/07\/01MUSEU-SRML-1-400x300.jpg 400w, https:\/\/www.bandadeloriga.pt\/wp-content\/uploads\/2024\/07\/01MUSEU-SRML-1.jpg 2000w\" sizes=\"auto, (max-width: 1024px) 100vw, 1024px\" \/><\/figure>\n\n\n\n<figure class=\"wp-block-image size-large\"><img loading=\"lazy\" decoding=\"async\" width=\"1024\" height=\"768\" data-id=\"4283\" src=\"https:\/\/www.bandadeloriga.pt\/wp-content\/uploads\/2024\/07\/02MUSEU-SRML-1-1024x768.jpg\" alt=\"\" class=\"wp-image-4283\" srcset=\"https:\/\/www.bandadeloriga.pt\/wp-content\/uploads\/2024\/07\/02MUSEU-SRML-1-1024x768.jpg 1024w, https:\/\/www.bandadeloriga.pt\/wp-content\/uploads\/2024\/07\/02MUSEU-SRML-1-300x225.jpg 300w, https:\/\/www.bandadeloriga.pt\/wp-content\/uploads\/2024\/07\/02MUSEU-SRML-1-768x576.jpg 768w, https:\/\/www.bandadeloriga.pt\/wp-content\/uploads\/2024\/07\/02MUSEU-SRML-1-1536x1152.jpg 1536w, https:\/\/www.bandadeloriga.pt\/wp-content\/uploads\/2024\/07\/02MUSEU-SRML-1-285x214.jpg 285w, https:\/\/www.bandadeloriga.pt\/wp-content\/uploads\/2024\/07\/02MUSEU-SRML-1-400x300.jpg 400w, https:\/\/www.bandadeloriga.pt\/wp-content\/uploads\/2024\/07\/02MUSEU-SRML-1.jpg 2000w\" sizes=\"auto, (max-width: 1024px) 100vw, 1024px\" \/><\/figure>\n\n\n\n\n\n\n\n\n\n\n\n\n\n<figure class=\"wp-block-image size-large\"><img loading=\"lazy\" decoding=\"async\" width=\"1024\" height=\"768\" data-id=\"4284\" src=\"https:\/\/www.bandadeloriga.pt\/wp-content\/uploads\/2024\/07\/08MUSEU-SRML-1-1024x768.jpg\" alt=\"\" class=\"wp-image-4284\" srcset=\"https:\/\/www.bandadeloriga.pt\/wp-content\/uploads\/2024\/07\/08MUSEU-SRML-1-1024x768.jpg 1024w, https:\/\/www.bandadeloriga.pt\/wp-content\/uploads\/2024\/07\/08MUSEU-SRML-1-300x225.jpg 300w, https:\/\/www.bandadeloriga.pt\/wp-content\/uploads\/2024\/07\/08MUSEU-SRML-1-768x576.jpg 768w, https:\/\/www.bandadeloriga.pt\/wp-content\/uploads\/2024\/07\/08MUSEU-SRML-1-1536x1152.jpg 1536w, https:\/\/www.bandadeloriga.pt\/wp-content\/uploads\/2024\/07\/08MUSEU-SRML-1-285x214.jpg 285w, https:\/\/www.bandadeloriga.pt\/wp-content\/uploads\/2024\/07\/08MUSEU-SRML-1-400x300.jpg 400w, https:\/\/www.bandadeloriga.pt\/wp-content\/uploads\/2024\/07\/08MUSEU-SRML-1.jpg 2000w\" sizes=\"auto, (max-width: 1024px) 100vw, 1024px\" \/><\/figure>\n\n\n\n<figure class=\"wp-block-image size-large\"><img loading=\"lazy\" decoding=\"async\" width=\"1024\" height=\"768\" data-id=\"4285\" src=\"https:\/\/www.bandadeloriga.pt\/wp-content\/uploads\/2024\/07\/09MUSEU-SRML-1-1024x768.jpg\" alt=\"\" class=\"wp-image-4285\" srcset=\"https:\/\/www.bandadeloriga.pt\/wp-content\/uploads\/2024\/07\/09MUSEU-SRML-1-1024x768.jpg 1024w, https:\/\/www.bandadeloriga.pt\/wp-content\/uploads\/2024\/07\/09MUSEU-SRML-1-300x225.jpg 300w, https:\/\/www.bandadeloriga.pt\/wp-content\/uploads\/2024\/07\/09MUSEU-SRML-1-768x576.jpg 768w, https:\/\/www.bandadeloriga.pt\/wp-content\/uploads\/2024\/07\/09MUSEU-SRML-1-1536x1152.jpg 1536w, https:\/\/www.bandadeloriga.pt\/wp-content\/uploads\/2024\/07\/09MUSEU-SRML-1-285x214.jpg 285w, https:\/\/www.bandadeloriga.pt\/wp-content\/uploads\/2024\/07\/09MUSEU-SRML-1-400x300.jpg 400w, https:\/\/www.bandadeloriga.pt\/wp-content\/uploads\/2024\/07\/09MUSEU-SRML-1.jpg 1846w\" sizes=\"auto, (max-width: 1024px) 100vw, 1024px\" \/><\/figure>\n\n\n\n\n\n<figure class=\"wp-block-image size-large\"><img loading=\"lazy\" decoding=\"async\" width=\"1024\" height=\"768\" data-id=\"4288\" src=\"https:\/\/www.bandadeloriga.pt\/wp-content\/uploads\/2024\/07\/11MUSEU-SRML-1-1024x768.jpg\" alt=\"\" class=\"wp-image-4288\" srcset=\"https:\/\/www.bandadeloriga.pt\/wp-content\/uploads\/2024\/07\/11MUSEU-SRML-1-1024x768.jpg 1024w, https:\/\/www.bandadeloriga.pt\/wp-content\/uploads\/2024\/07\/11MUSEU-SRML-1-300x225.jpg 300w, https:\/\/www.bandadeloriga.pt\/wp-content\/uploads\/2024\/07\/11MUSEU-SRML-1-768x576.jpg 768w, https:\/\/www.bandadeloriga.pt\/wp-content\/uploads\/2024\/07\/11MUSEU-SRML-1-1536x1152.jpg 1536w, https:\/\/www.bandadeloriga.pt\/wp-content\/uploads\/2024\/07\/11MUSEU-SRML-1-285x214.jpg 285w, https:\/\/www.bandadeloriga.pt\/wp-content\/uploads\/2024\/07\/11MUSEU-SRML-1-400x300.jpg 400w, https:\/\/www.bandadeloriga.pt\/wp-content\/uploads\/2024\/07\/11MUSEU-SRML-1.jpg 2000w\" sizes=\"auto, (max-width: 1024px) 100vw, 1024px\" \/><\/figure>\n\n\n\n\n\n\n\n\n\n<figure class=\"wp-block-image size-large\"><img loading=\"lazy\" decoding=\"async\" width=\"1024\" height=\"768\" data-id=\"4294\" src=\"https:\/\/www.bandadeloriga.pt\/wp-content\/uploads\/2024\/07\/15MUSEU-SRML-1-1024x768.jpg\" alt=\"\" class=\"wp-image-4294\" srcset=\"https:\/\/www.bandadeloriga.pt\/wp-content\/uploads\/2024\/07\/15MUSEU-SRML-1-1024x768.jpg 1024w, https:\/\/www.bandadeloriga.pt\/wp-content\/uploads\/2024\/07\/15MUSEU-SRML-1-300x225.jpg 300w, https:\/\/www.bandadeloriga.pt\/wp-content\/uploads\/2024\/07\/15MUSEU-SRML-1-768x576.jpg 768w, https:\/\/www.bandadeloriga.pt\/wp-content\/uploads\/2024\/07\/15MUSEU-SRML-1-1536x1152.jpg 1536w, https:\/\/www.bandadeloriga.pt\/wp-content\/uploads\/2024\/07\/15MUSEU-SRML-1-285x214.jpg 285w, https:\/\/www.bandadeloriga.pt\/wp-content\/uploads\/2024\/07\/15MUSEU-SRML-1-400x300.jpg 400w, https:\/\/www.bandadeloriga.pt\/wp-content\/uploads\/2024\/07\/15MUSEU-SRML-1.jpg 2000w\" sizes=\"auto, (max-width: 1024px) 100vw, 1024px\" \/><\/figure>\n\n\n\n<figure class=\"wp-block-image size-large\"><img loading=\"lazy\" decoding=\"async\" width=\"768\" height=\"1024\" data-id=\"4298\" src=\"https:\/\/www.bandadeloriga.pt\/wp-content\/uploads\/2024\/07\/16MUSEU-SRML-1-768x1024.jpg\" alt=\"\" class=\"wp-image-4298\" srcset=\"https:\/\/www.bandadeloriga.pt\/wp-content\/uploads\/2024\/07\/16MUSEU-SRML-1-768x1024.jpg 768w, https:\/\/www.bandadeloriga.pt\/wp-content\/uploads\/2024\/07\/16MUSEU-SRML-1-225x300.jpg 225w, https:\/\/www.bandadeloriga.pt\/wp-content\/uploads\/2024\/07\/16MUSEU-SRML-1-1152x1536.jpg 1152w, https:\/\/www.bandadeloriga.pt\/wp-content\/uploads\/2024\/07\/16MUSEU-SRML-1-400x533.jpg 400w, https:\/\/www.bandadeloriga.pt\/wp-content\/uploads\/2024\/07\/16MUSEU-SRML-1.jpg 1500w\" sizes=\"auto, (max-width: 768px) 100vw, 768px\" \/><\/figure>\n\n\n\n<figure class=\"wp-block-image size-large\"><img loading=\"lazy\" decoding=\"async\" width=\"1024\" height=\"768\" data-id=\"4302\" src=\"https:\/\/www.bandadeloriga.pt\/wp-content\/uploads\/2024\/07\/17MUSEU-SRML-1-1024x768.jpg\" alt=\"\" class=\"wp-image-4302\" srcset=\"https:\/\/www.bandadeloriga.pt\/wp-content\/uploads\/2024\/07\/17MUSEU-SRML-1-1024x768.jpg 1024w, https:\/\/www.bandadeloriga.pt\/wp-content\/uploads\/2024\/07\/17MUSEU-SRML-1-300x225.jpg 300w, https:\/\/www.bandadeloriga.pt\/wp-content\/uploads\/2024\/07\/17MUSEU-SRML-1-768x576.jpg 768w, https:\/\/www.bandadeloriga.pt\/wp-content\/uploads\/2024\/07\/17MUSEU-SRML-1-1536x1152.jpg 1536w, https:\/\/www.bandadeloriga.pt\/wp-content\/uploads\/2024\/07\/17MUSEU-SRML-1-285x214.jpg 285w, https:\/\/www.bandadeloriga.pt\/wp-content\/uploads\/2024\/07\/17MUSEU-SRML-1-400x300.jpg 400w, https:\/\/www.bandadeloriga.pt\/wp-content\/uploads\/2024\/07\/17MUSEU-SRML-1.jpg 2000w\" sizes=\"auto, (max-width: 1024px) 100vw, 1024px\" \/><\/figure>\n\n\n\n<figure class=\"wp-block-image size-large\"><img loading=\"lazy\" decoding=\"async\" width=\"1024\" height=\"768\" data-id=\"4301\" src=\"https:\/\/www.bandadeloriga.pt\/wp-content\/uploads\/2024\/07\/18MUSEU-SRML-1-1024x768.jpg\" alt=\"\" class=\"wp-image-4301\" srcset=\"https:\/\/www.bandadeloriga.pt\/wp-content\/uploads\/2024\/07\/18MUSEU-SRML-1-1024x768.jpg 1024w, https:\/\/www.bandadeloriga.pt\/wp-content\/uploads\/2024\/07\/18MUSEU-SRML-1-300x225.jpg 300w, https:\/\/www.bandadeloriga.pt\/wp-content\/uploads\/2024\/07\/18MUSEU-SRML-1-768x576.jpg 768w, https:\/\/www.bandadeloriga.pt\/wp-content\/uploads\/2024\/07\/18MUSEU-SRML-1-1536x1152.jpg 1536w, https:\/\/www.bandadeloriga.pt\/wp-content\/uploads\/2024\/07\/18MUSEU-SRML-1-285x214.jpg 285w, https:\/\/www.bandadeloriga.pt\/wp-content\/uploads\/2024\/07\/18MUSEU-SRML-1-400x300.jpg 400w, https:\/\/www.bandadeloriga.pt\/wp-content\/uploads\/2024\/07\/18MUSEU-SRML-1.jpg 2000w\" sizes=\"auto, (max-width: 1024px) 100vw, 1024px\" \/><\/figure>\n\n\n\n<figure class=\"wp-block-image size-large\"><img loading=\"lazy\" decoding=\"async\" width=\"1024\" height=\"768\" data-id=\"4299\" src=\"https:\/\/www.bandadeloriga.pt\/wp-content\/uploads\/2024\/07\/19MUSEU-SRML-1-1024x768.jpg\" alt=\"\" class=\"wp-image-4299\" srcset=\"https:\/\/www.bandadeloriga.pt\/wp-content\/uploads\/2024\/07\/19MUSEU-SRML-1-1024x768.jpg 1024w, https:\/\/www.bandadeloriga.pt\/wp-content\/uploads\/2024\/07\/19MUSEU-SRML-1-300x225.jpg 300w, https:\/\/www.bandadeloriga.pt\/wp-content\/uploads\/2024\/07\/19MUSEU-SRML-1-768x576.jpg 768w, https:\/\/www.bandadeloriga.pt\/wp-content\/uploads\/2024\/07\/19MUSEU-SRML-1-1536x1152.jpg 1536w, https:\/\/www.bandadeloriga.pt\/wp-content\/uploads\/2024\/07\/19MUSEU-SRML-1-285x214.jpg 285w, https:\/\/www.bandadeloriga.pt\/wp-content\/uploads\/2024\/07\/19MUSEU-SRML-1-400x300.jpg 400w, https:\/\/www.bandadeloriga.pt\/wp-content\/uploads\/2024\/07\/19MUSEU-SRML-1.jpg 2000w\" sizes=\"auto, (max-width: 1024px) 100vw, 1024px\" \/><\/figure>\n\n\n\n<figure class=\"wp-block-image size-large\"><img loading=\"lazy\" decoding=\"async\" width=\"1024\" height=\"768\" data-id=\"4287\" src=\"https:\/\/www.bandadeloriga.pt\/wp-content\/uploads\/2024\/07\/20MUSEU-SRML-1-1024x768.jpg\" alt=\"\" class=\"wp-image-4287\" srcset=\"https:\/\/www.bandadeloriga.pt\/wp-content\/uploads\/2024\/07\/20MUSEU-SRML-1-1024x768.jpg 1024w, https:\/\/www.bandadeloriga.pt\/wp-content\/uploads\/2024\/07\/20MUSEU-SRML-1-300x225.jpg 300w, https:\/\/www.bandadeloriga.pt\/wp-content\/uploads\/2024\/07\/20MUSEU-SRML-1-768x576.jpg 768w, https:\/\/www.bandadeloriga.pt\/wp-content\/uploads\/2024\/07\/20MUSEU-SRML-1-1536x1152.jpg 1536w, https:\/\/www.bandadeloriga.pt\/wp-content\/uploads\/2024\/07\/20MUSEU-SRML-1-285x214.jpg 285w, https:\/\/www.bandadeloriga.pt\/wp-content\/uploads\/2024\/07\/20MUSEU-SRML-1-400x300.jpg 400w, https:\/\/www.bandadeloriga.pt\/wp-content\/uploads\/2024\/07\/20MUSEU-SRML-1.jpg 2000w\" sizes=\"auto, (max-width: 1024px) 100vw, 1024px\" \/><\/figure>\n\n\n\n\n\n<figure class=\"wp-block-image size-large\"><img loading=\"lazy\" decoding=\"async\" width=\"1024\" height=\"768\" data-id=\"4292\" src=\"https:\/\/www.bandadeloriga.pt\/wp-content\/uploads\/2024\/07\/22MUSEU-SRML-1-1024x768.jpg\" alt=\"\" class=\"wp-image-4292\" srcset=\"https:\/\/www.bandadeloriga.pt\/wp-content\/uploads\/2024\/07\/22MUSEU-SRML-1-1024x768.jpg 1024w, https:\/\/www.bandadeloriga.pt\/wp-content\/uploads\/2024\/07\/22MUSEU-SRML-1-300x225.jpg 300w, https:\/\/www.bandadeloriga.pt\/wp-content\/uploads\/2024\/07\/22MUSEU-SRML-1-768x576.jpg 768w, https:\/\/www.bandadeloriga.pt\/wp-content\/uploads\/2024\/07\/22MUSEU-SRML-1-1536x1152.jpg 1536w, https:\/\/www.bandadeloriga.pt\/wp-content\/uploads\/2024\/07\/22MUSEU-SRML-1-285x214.jpg 285w, https:\/\/www.bandadeloriga.pt\/wp-content\/uploads\/2024\/07\/22MUSEU-SRML-1-400x300.jpg 400w, https:\/\/www.bandadeloriga.pt\/wp-content\/uploads\/2024\/07\/22MUSEU-SRML-1.jpg 2000w\" sizes=\"auto, (max-width: 1024px) 100vw, 1024px\" \/><\/figure>\n\n\n\n\n\n<figure class=\"wp-block-image size-large\"><img loading=\"lazy\" decoding=\"async\" width=\"768\" height=\"1024\" data-id=\"4289\" src=\"https:\/\/www.bandadeloriga.pt\/wp-content\/uploads\/2024\/07\/24MUSEU-SRML-1-768x1024.jpg\" alt=\"\" class=\"wp-image-4289\" srcset=\"https:\/\/www.bandadeloriga.pt\/wp-content\/uploads\/2024\/07\/24MUSEU-SRML-1-768x1024.jpg 768w, https:\/\/www.bandadeloriga.pt\/wp-content\/uploads\/2024\/07\/24MUSEU-SRML-1-225x300.jpg 225w, https:\/\/www.bandadeloriga.pt\/wp-content\/uploads\/2024\/07\/24MUSEU-SRML-1-1152x1536.jpg 1152w, https:\/\/www.bandadeloriga.pt\/wp-content\/uploads\/2024\/07\/24MUSEU-SRML-1-400x533.jpg 400w, https:\/\/www.bandadeloriga.pt\/wp-content\/uploads\/2024\/07\/24MUSEU-SRML-1.jpg 1500w\" sizes=\"auto, (max-width: 768px) 100vw, 768px\" \/><\/figure>\n\n\n\n<figure class=\"wp-block-image size-large\"><img loading=\"lazy\" decoding=\"async\" width=\"768\" height=\"1024\" data-id=\"4291\" src=\"https:\/\/www.bandadeloriga.pt\/wp-content\/uploads\/2024\/07\/25MUSEU-SRML-1-768x1024.jpg\" alt=\"\" class=\"wp-image-4291\" srcset=\"https:\/\/www.bandadeloriga.pt\/wp-content\/uploads\/2024\/07\/25MUSEU-SRML-1-768x1024.jpg 768w, https:\/\/www.bandadeloriga.pt\/wp-content\/uploads\/2024\/07\/25MUSEU-SRML-1-225x300.jpg 225w, https:\/\/www.bandadeloriga.pt\/wp-content\/uploads\/2024\/07\/25MUSEU-SRML-1-1152x1536.jpg 1152w, https:\/\/www.bandadeloriga.pt\/wp-content\/uploads\/2024\/07\/25MUSEU-SRML-1-400x533.jpg 400w, https:\/\/www.bandadeloriga.pt\/wp-content\/uploads\/2024\/07\/25MUSEU-SRML-1.jpg 1500w\" sizes=\"auto, (max-width: 768px) 100vw, 768px\" \/><\/figure>\n\n\n\n<figure class=\"wp-block-image size-large\"><img loading=\"lazy\" decoding=\"async\" width=\"768\" height=\"1024\" data-id=\"4300\" src=\"https:\/\/www.bandadeloriga.pt\/wp-content\/uploads\/2024\/07\/26MUSEU-SRML-1-768x1024.jpg\" alt=\"\" class=\"wp-image-4300\" srcset=\"https:\/\/www.bandadeloriga.pt\/wp-content\/uploads\/2024\/07\/26MUSEU-SRML-1-768x1024.jpg 768w, https:\/\/www.bandadeloriga.pt\/wp-content\/uploads\/2024\/07\/26MUSEU-SRML-1-225x300.jpg 225w, https:\/\/www.bandadeloriga.pt\/wp-content\/uploads\/2024\/07\/26MUSEU-SRML-1-1152x1536.jpg 1152w, https:\/\/www.bandadeloriga.pt\/wp-content\/uploads\/2024\/07\/26MUSEU-SRML-1-400x533.jpg 400w, https:\/\/www.bandadeloriga.pt\/wp-content\/uploads\/2024\/07\/26MUSEU-SRML-1.jpg 1500w\" sizes=\"auto, (max-width: 768px) 100vw, 768px\" \/><\/figure>\n\n\n\n<figure class=\"wp-block-image size-large\"><img loading=\"lazy\" decoding=\"async\" width=\"768\" height=\"1024\" data-id=\"4293\" src=\"https:\/\/www.bandadeloriga.pt\/wp-content\/uploads\/2024\/07\/27MUSEU-SRML-1-768x1024.jpg\" alt=\"\" class=\"wp-image-4293\" srcset=\"https:\/\/www.bandadeloriga.pt\/wp-content\/uploads\/2024\/07\/27MUSEU-SRML-1-768x1024.jpg 768w, https:\/\/www.bandadeloriga.pt\/wp-content\/uploads\/2024\/07\/27MUSEU-SRML-1-225x300.jpg 225w, https:\/\/www.bandadeloriga.pt\/wp-content\/uploads\/2024\/07\/27MUSEU-SRML-1-1152x1536.jpg 1152w, https:\/\/www.bandadeloriga.pt\/wp-content\/uploads\/2024\/07\/27MUSEU-SRML-1-400x533.jpg 400w, https:\/\/www.bandadeloriga.pt\/wp-content\/uploads\/2024\/07\/27MUSEU-SRML-1.jpg 1500w\" sizes=\"auto, (max-width: 768px) 100vw, 768px\" \/><\/figure>\n\n\n\n<figure class=\"wp-block-image size-large\"><img loading=\"lazy\" decoding=\"async\" width=\"768\" height=\"1024\" data-id=\"4296\" src=\"https:\/\/www.bandadeloriga.pt\/wp-content\/uploads\/2024\/07\/28MUSEU-SRML-1-768x1024.jpg\" alt=\"\" class=\"wp-image-4296\" srcset=\"https:\/\/www.bandadeloriga.pt\/wp-content\/uploads\/2024\/07\/28MUSEU-SRML-1-768x1024.jpg 768w, https:\/\/www.bandadeloriga.pt\/wp-content\/uploads\/2024\/07\/28MUSEU-SRML-1-225x300.jpg 225w, https:\/\/www.bandadeloriga.pt\/wp-content\/uploads\/2024\/07\/28MUSEU-SRML-1-1152x1536.jpg 1152w, https:\/\/www.bandadeloriga.pt\/wp-content\/uploads\/2024\/07\/28MUSEU-SRML-1-400x533.jpg 400w, https:\/\/www.bandadeloriga.pt\/wp-content\/uploads\/2024\/07\/28MUSEU-SRML-1.jpg 1500w\" sizes=\"auto, (max-width: 768px) 100vw, 768px\" \/><\/figure>\n\n\n\n\n\n<figure class=\"wp-block-image size-large\"><img loading=\"lazy\" decoding=\"async\" width=\"768\" height=\"1024\" data-id=\"4286\" src=\"https:\/\/www.bandadeloriga.pt\/wp-content\/uploads\/2024\/07\/30MUSEU-SRML-1-768x1024.jpg\" alt=\"\" class=\"wp-image-4286\" srcset=\"https:\/\/www.bandadeloriga.pt\/wp-content\/uploads\/2024\/07\/30MUSEU-SRML-1-768x1024.jpg 768w, https:\/\/www.bandadeloriga.pt\/wp-content\/uploads\/2024\/07\/30MUSEU-SRML-1-225x300.jpg 225w, https:\/\/www.bandadeloriga.pt\/wp-content\/uploads\/2024\/07\/30MUSEU-SRML-1-1152x1536.jpg 1152w, https:\/\/www.bandadeloriga.pt\/wp-content\/uploads\/2024\/07\/30MUSEU-SRML-1-400x533.jpg 400w, https:\/\/www.bandadeloriga.pt\/wp-content\/uploads\/2024\/07\/30MUSEU-SRML-1.jpg 1500w\" sizes=\"auto, (max-width: 768px) 100vw, 768px\" \/><\/figure>\n\n\n\n<figure class=\"wp-block-image size-large\"><img loading=\"lazy\" decoding=\"async\" width=\"768\" height=\"1024\" data-id=\"4297\" src=\"https:\/\/www.bandadeloriga.pt\/wp-content\/uploads\/2024\/07\/31MUSEU-SRML-1-768x1024.jpg\" alt=\"\" class=\"wp-image-4297\" srcset=\"https:\/\/www.bandadeloriga.pt\/wp-content\/uploads\/2024\/07\/31MUSEU-SRML-1-768x1024.jpg 768w, https:\/\/www.bandadeloriga.pt\/wp-content\/uploads\/2024\/07\/31MUSEU-SRML-1-225x300.jpg 225w, https:\/\/www.bandadeloriga.pt\/wp-content\/uploads\/2024\/07\/31MUSEU-SRML-1-1152x1536.jpg 1152w, https:\/\/www.bandadeloriga.pt\/wp-content\/uploads\/2024\/07\/31MUSEU-SRML-1-400x533.jpg 400w, https:\/\/www.bandadeloriga.pt\/wp-content\/uploads\/2024\/07\/31MUSEU-SRML-1.jpg 1500w\" sizes=\"auto, (max-width: 768px) 100vw, 768px\" \/><\/figure>\n\n\n\n<figure class=\"wp-block-image size-large\"><img loading=\"lazy\" decoding=\"async\" width=\"768\" height=\"1024\" data-id=\"4295\" src=\"https:\/\/www.bandadeloriga.pt\/wp-content\/uploads\/2024\/07\/32MUSEU-SRML-1-768x1024.jpg\" alt=\"\" class=\"wp-image-4295\" srcset=\"https:\/\/www.bandadeloriga.pt\/wp-content\/uploads\/2024\/07\/32MUSEU-SRML-1-768x1024.jpg 768w, https:\/\/www.bandadeloriga.pt\/wp-content\/uploads\/2024\/07\/32MUSEU-SRML-1-225x300.jpg 225w, https:\/\/www.bandadeloriga.pt\/wp-content\/uploads\/2024\/07\/32MUSEU-SRML-1-1152x1536.jpg 1152w, https:\/\/www.bandadeloriga.pt\/wp-content\/uploads\/2024\/07\/32MUSEU-SRML-1-400x533.jpg 400w, https:\/\/www.bandadeloriga.pt\/wp-content\/uploads\/2024\/07\/32MUSEU-SRML-1.jpg 1500w\" sizes=\"auto, (max-width: 768px) 100vw, 768px\" \/><\/figure>\n\n\n<\/figure>\n","protected":false},"excerpt":{"rendered":"<p>Sala do MUSEU da SRML<\/p>\n","protected":false},"author":1,"featured_media":4250,"parent":0,"menu_order":0,"comment_status":"closed","ping_status":"closed","template":"","meta":{"ngg_post_thumbnail":0,"footnotes":""},"class_list":["post-393","page","type-page","status-publish","has-post-thumbnail","hentry"],"_links":{"self":[{"href":"https:\/\/www.bandadeloriga.pt\/index.php?rest_route=\/wp\/v2\/pages\/393","targetHints":{"allow":["GET"]}}],"collection":[{"href":"https:\/\/www.bandadeloriga.pt\/index.php?rest_route=\/wp\/v2\/pages"}],"about":[{"href":"https:\/\/www.bandadeloriga.pt\/index.php?rest_route=\/wp\/v2\/types\/page"}],"author":[{"embeddable":true,"href":"https:\/\/www.bandadeloriga.pt\/index.php?rest_route=\/wp\/v2\/users\/1"}],"replies":[{"embeddable":true,"href":"https:\/\/www.bandadeloriga.pt\/index.php?rest_route=%2Fwp%2Fv2%2Fcomments&post=393"}],"version-history":[{"count":47,"href":"https:\/\/www.bandadeloriga.pt\/index.php?rest_route=\/wp\/v2\/pages\/393\/revisions"}],"predecessor-version":[{"id":4409,"href":"https:\/\/www.bandadeloriga.pt\/index.php?rest_route=\/wp\/v2\/pages\/393\/revisions\/4409"}],"wp:featuredmedia":[{"embeddable":true,"href":"https:\/\/www.bandadeloriga.pt\/index.php?rest_route=\/wp\/v2\/media\/4250"}],"wp:attachment":[{"href":"https:\/\/www.bandadeloriga.pt\/index.php?rest_route=%2Fwp%2Fv2%2Fmedia&parent=393"}],"curies":[{"name":"wp","href":"https:\/\/api.w.org\/{rel}","templated":true}]}}