{"id":4029,"date":"2022-04-26T11:20:59","date_gmt":"2022-04-26T10:20:59","guid":{"rendered":"http:\/\/www.bandadeloriga.pt\/?page_id=4029"},"modified":"2022-04-26T13:24:04","modified_gmt":"2022-04-26T12:24:04","slug":"reencontro-novo-dvd","status":"publish","type":"page","link":"https:\/\/www.bandadeloriga.pt\/?page_id=4029","title":{"rendered":"ReEncontro &#8211; Novo CD"},"content":{"rendered":"\n<figure class=\"wp-block-image size-large\"><img loading=\"lazy\" decoding=\"async\" width=\"1024\" height=\"957\" src=\"http:\/\/www.bandadeloriga.pt\/wp-content\/uploads\/2022\/04\/02DVD-SRML-2022-1024x957.jpg\" alt=\"\" class=\"wp-image-4011\" srcset=\"https:\/\/www.bandadeloriga.pt\/wp-content\/uploads\/2022\/04\/02DVD-SRML-2022-1024x957.jpg 1024w, https:\/\/www.bandadeloriga.pt\/wp-content\/uploads\/2022\/04\/02DVD-SRML-2022-300x280.jpg 300w, https:\/\/www.bandadeloriga.pt\/wp-content\/uploads\/2022\/04\/02DVD-SRML-2022-768x718.jpg 768w, https:\/\/www.bandadeloriga.pt\/wp-content\/uploads\/2022\/04\/02DVD-SRML-2022-400x374.jpg 400w, https:\/\/www.bandadeloriga.pt\/wp-content\/uploads\/2022\/04\/02DVD-SRML-2022.jpg 1498w\" sizes=\"auto, (max-width: 1024px) 100vw, 1024px\" \/><\/figure>\n\n\n\n<p>Ao COMPRAR, est\u00e1 a ajudar a Sociedade Recreativa e Musical Loriguense. O Pre\u00e7o \u00e9 10\u20ac.<\/p>\n","protected":false},"excerpt":{"rendered":"<p>Ao COMPRAR, est\u00e1 a ajudar a Sociedade Recreativa e Musical Loriguense. O Pre\u00e7o \u00e9 10\u20ac.<\/p>\n","protected":false},"author":1,"featured_media":0,"parent":0,"menu_order":0,"comment_status":"closed","ping_status":"closed","template":"","meta":{"ngg_post_thumbnail":0,"footnotes":""},"class_list":["post-4029","page","type-page","status-publish","hentry"],"_links":{"self":[{"href":"https:\/\/www.bandadeloriga.pt\/index.php?rest_route=\/wp\/v2\/pages\/4029","targetHints":{"allow":["GET"]}}],"collection":[{"href":"https:\/\/www.bandadeloriga.pt\/index.php?rest_route=\/wp\/v2\/pages"}],"about":[{"href":"https:\/\/www.bandadeloriga.pt\/index.php?rest_route=\/wp\/v2\/types\/page"}],"author":[{"embeddable":true,"href":"https:\/\/www.bandadeloriga.pt\/index.php?rest_route=\/wp\/v2\/users\/1"}],"replies":[{"embeddable":true,"href":"https:\/\/www.bandadeloriga.pt\/index.php?rest_route=%2Fwp%2Fv2%2Fcomments&post=4029"}],"version-history":[{"count":4,"href":"https:\/\/www.bandadeloriga.pt\/index.php?rest_route=\/wp\/v2\/pages\/4029\/revisions"}],"predecessor-version":[{"id":4039,"href":"https:\/\/www.bandadeloriga.pt\/index.php?rest_route=\/wp\/v2\/pages\/4029\/revisions\/4039"}],"wp:attachment":[{"href":"https:\/\/www.bandadeloriga.pt\/index.php?rest_route=%2Fwp%2Fv2%2Fmedia&parent=4029"}],"curies":[{"name":"wp","href":"https:\/\/api.w.org\/{rel}","templated":true}]}}