{"id":4343,"date":"2024-09-08T20:04:20","date_gmt":"2024-09-08T19:04:20","guid":{"rendered":"https:\/\/www.bandadeloriga.pt\/?page_id=4343"},"modified":"2026-02-28T11:37:51","modified_gmt":"2026-02-28T11:37:51","slug":"sobre-o-museu","status":"publish","type":"page","link":"https:\/\/www.bandadeloriga.pt\/?page_id=4343","title":{"rendered":"&#8230;sobre o Museu"},"content":{"rendered":"\n<p><strong>O Museu da Banda: Mem\u00f3ria e Futuro de Loriga<\/strong><\/p>\n<p>O <strong>Museu da Banda<\/strong> \u00e9 o novo espa\u00e7o cultural da vila de Loriga. Este local nasce do revivalismo identit\u00e1rio daqueles que tocaram os seus instrumentos ao longo das d\u00e9cadas, cruzando-se com a viv\u00eancia atual dos m\u00fasicos filarm\u00f3nicos. A partir deste esp\u00f3lio, projeta-se e organiza-se o futuro da nobre <strong>Sociedade Recreativa e Musical Loriguense (SRML)<\/strong>.<\/p>\n<p>Com a convic\u00e7\u00e3o de celebrarmos hoje a sua musicalidade e de continuarmos o fervor dedicado pelos loriguenses \u00e0 sua &#8220;embaixadora cultural&#8221;, asseguramos a perenidade da institui\u00e7\u00e3o por muitos mais anos, apesar das dificuldades que o quotidiano imp\u00f5e. Entre os mais idosos e os mais novos, a melodia e o ritmo continuam a ecoar, guiados pelas in\u00fameras partituras do seu rico acervo.<\/p>\n<p><strong>A Tenacidade da SRML<\/strong><\/p>\n<p>A trajet\u00f3ria desta Sociedade fez-se sem interrup\u00e7\u00f5es, sobressaltos ou receio de errar, procurando sempre o contentamento de todos. O medo e a falha nunca foram obst\u00e1culos. Pelo contr\u00e1rio, a aventura e a arg\u00facia foram conselheiras leais para seguir em frente, permitindo \u00e0 banda tocar em qualquer lugar, sempre com \u00e2nimo e resili\u00eancia \u2014 mesmo quando surgiram vozes mais cr\u00edticas, que nunca foram capazes de a travar.<\/p>\n<p><strong>O Acervo Museol\u00f3gico<\/strong><\/p>\n<p>Neste espa\u00e7o digno da sua hist\u00f3ria, o Museu apresenta o seguinte invent\u00e1rio:<\/p>\n<table style=\"width: 100%; height: 1409px;\">\n<thead>\n<tr style=\"height: 68px;\">\n<td style=\"height: 68px;\">\n<p><strong>Instrumento \/ Item<\/strong><\/p>\n<\/td>\n<td style=\"height: 68px;\">\n<p><strong>Quantidade<\/strong><\/p>\n<\/td>\n<td style=\"height: 68px;\">\n<p><strong>Refer\u00eancia de Invent\u00e1rio<\/strong><\/p>\n<\/td>\n<\/tr>\n<\/thead>\n<tbody>\n<tr style=\"height: 68px;\">\n<td style=\"height: 68px;\">\n<p>Trompetes em Si Bemol<\/p>\n<\/td>\n<td style=\"height: 68px;\">\n<p>3<\/p>\n<\/td>\n<td style=\"height: 68px;\">\n<p>SRML 001\/002\/003<\/p>\n<\/td>\n<\/tr>\n<tr style=\"height: 68px;\">\n<td style=\"height: 68px;\">\n<p>Flisc\u00f3rnios em Si Bemol<\/p>\n<\/td>\n<td style=\"height: 68px;\">\n<p>2<\/p>\n<\/td>\n<td style=\"height: 68px;\">\n<p>SRML 004\/005<\/p>\n<\/td>\n<\/tr>\n<tr style=\"height: 68px;\">\n<td style=\"height: 68px;\">\n<p>Cornetins em Si Bemol<\/p>\n<\/td>\n<td style=\"height: 68px;\">\n<p>3<\/p>\n<\/td>\n<td style=\"height: 68px;\">\n<p>SRML 006\/008\/060<\/p>\n<\/td>\n<\/tr>\n<tr style=\"height: 68px;\">\n<td style=\"height: 68px;\">\n<p>Trompas (Sax) em Mi Bemol<\/p>\n<\/td>\n<td style=\"height: 68px;\">\n<p>3<\/p>\n<\/td>\n<td style=\"height: 68px;\">\n<p>SRML 009\/010\/011<\/p>\n<\/td>\n<\/tr>\n<tr style=\"height: 68px;\">\n<td style=\"height: 68px;\">\n<p>Trompas (Clavic\u00f3rnios) em Mi Bemol<\/p>\n<\/td>\n<td style=\"height: 68px;\">\n<p>2<\/p>\n<\/td>\n<td style=\"height: 68px;\">\n<p>SRML 012\/013<\/p>\n<\/td>\n<\/tr>\n<tr style=\"height: 68px;\">\n<td style=\"height: 68px;\">\n<p>Contrabaiixos em Mi Bemol<\/p>\n<\/td>\n<td style=\"height: 68px;\">\n<p>2<\/p>\n<\/td>\n<td style=\"height: 68px;\">\n<p>SRML 014\/015<\/p>\n<\/td>\n<\/tr>\n<tr style=\"height: 68px;\">\n<td style=\"height: 68px;\">\n<p>Saxofones Tenores em Si Bemol<\/p>\n<\/td>\n<td style=\"height: 68px;\">\n<p>2<\/p>\n<\/td>\n<td style=\"height: 68px;\">\n<p>SRML 016\/017<\/p>\n<\/td>\n<\/tr>\n<tr style=\"height: 68px;\">\n<td style=\"height: 68px;\">\n<p>Saxofone Bar\u00edtono em Mi Bemol<\/p>\n<\/td>\n<td style=\"height: 68px;\">\n<p>1<\/p>\n<\/td>\n<td style=\"height: 68px;\">\n<p>SRML 018<\/p>\n<\/td>\n<\/tr>\n<tr style=\"height: 68px;\">\n<td style=\"height: 68px;\">\n<p>Bombardinos\/Euf\u00f3nios em D\u00f3<\/p>\n<\/td>\n<td style=\"height: 68px;\">\n<p>3<\/p>\n<\/td>\n<td style=\"height: 68px;\">\n<p>SRML 019\/020\/021<\/p>\n<\/td>\n<\/tr>\n<tr style=\"height: 68px;\">\n<td style=\"height: 68px;\">\n<p>Saxofones Alto em Mi Bemol<\/p>\n<\/td>\n<td style=\"height: 68px;\">\n<p>2<\/p>\n<\/td>\n<td style=\"height: 68px;\">\n<p>SRML 022\/023<\/p>\n<\/td>\n<\/tr>\n<tr style=\"height: 68px;\">\n<td style=\"height: 68px;\">\n<p>Saxofones Soprano em Si Bemol<\/p>\n<\/td>\n<td style=\"height: 68px;\">\n<p>2<\/p>\n<\/td>\n<td style=\"height: 68px;\">\n<p>SRML 024\/025<\/p>\n<\/td>\n<\/tr>\n<tr style=\"height: 68px;\">\n<td style=\"height: 68px;\">\n<p>Clarins\/Cornetas<\/p>\n<\/td>\n<td style=\"height: 68px;\">\n<p>3<\/p>\n<\/td>\n<td style=\"height: 68px;\">\n<p>SRML 026\/027\/028<\/p>\n<\/td>\n<\/tr>\n<tr style=\"height: 49px;\">\n<td style=\"height: 49px;\">\n<p>Flauta Transversal em D\u00f3<\/p>\n<\/td>\n<td style=\"height: 49px;\">\n<p>1<\/p>\n<\/td>\n<td style=\"height: 49px;\">\n<p>SRML 029<\/p>\n<\/td>\n<\/tr>\n<tr style=\"height: 68px;\">\n<td style=\"height: 68px;\">\n<p>Clarinetes em Si Bemol<\/p>\n<\/td>\n<td style=\"height: 68px;\">\n<p>6<\/p>\n<\/td>\n<td style=\"height: 68px;\">\n<p>SRML 030 a 035<\/p>\n<\/td>\n<\/tr>\n<tr style=\"height: 68px;\">\n<td style=\"height: 68px;\">\n<p>Trombones de Pist\u00e3o em D\u00f3<\/p>\n<\/td>\n<td style=\"height: 68px;\">\n<p>5<\/p>\n<\/td>\n<td style=\"height: 68px;\">\n<p>SRML 036 a 040<\/p>\n<\/td>\n<\/tr>\n<tr style=\"height: 68px;\">\n<td style=\"height: 68px;\">\n<p>Flautim em D\u00f3<\/p>\n<\/td>\n<td style=\"height: 68px;\">\n<p>1<\/p>\n<\/td>\n<td style=\"height: 68px;\">\n<p>SRML 056<\/p>\n<\/td>\n<\/tr>\n<tr style=\"height: 68px;\">\n<td style=\"height: 68px;\">\n<p>Tarolas\/Caixas de Rufo<\/p>\n<\/td>\n<td style=\"height: 68px;\">\n<p>12<\/p>\n<\/td>\n<td style=\"height: 68px;\">\n<p>SRML 007, 044 (1-5), 045 (1-2), 061, 062<\/p>\n<\/td>\n<\/tr>\n<tr style=\"height: 68px;\">\n<td style=\"height: 68px;\">\n<p>Bombos (Percuss\u00e3o)<\/p>\n<\/td>\n<td style=\"height: 68px;\">\n<p>3<\/p>\n<\/td>\n<td style=\"height: 68px;\">\n<p>SRML 046\/049\/07<\/p>\n<\/td>\n<\/tr>\n<tr style=\"height: 68px;\">\n<td style=\"height: 68px;\">\n<p>Pratos (Percuss\u00e3o)<\/p>\n<\/td>\n<td style=\"height: 68px;\">\n<p>2<\/p>\n<\/td>\n<td style=\"height: 68px;\">\n<p>SRML 048\/1\/2<\/p>\n<\/td>\n<\/tr>\n<tr style=\"height: 68px;\">\n<td style=\"height: 68px;\">\n<p>Estandartes\/Bandeiras<\/p>\n<\/td>\n<td style=\"height: 68px;\">\n<p>3<\/p>\n<\/td>\n<td style=\"height: 68px;\">\n<p>SRML 057\/058\/059<\/p>\n<\/td>\n<\/tr>\n<\/tbody>\n<\/table>\n<p><strong>Nota:<\/strong> Existe ainda um espa\u00e7o reservado para a <strong>Requinta (Clarinete em Mi Bemol)<\/strong>, invent\u00e1rio SRML 047, atualmente na posse de um familiar de Fernando Alves Pereira.<\/p>\n<p><strong>Um Legado de 118 Anos<\/strong><\/p>\n<p>Este \u00e9 o acervo poss\u00edvel, reunido ap\u00f3s anos em que alguma inc\u00faria poder\u00e1 ter prejudicado o patrim\u00f3nio da SRML. Erguer esta obra foi um desafio superado apenas pelo amor e amizade \u00e0 institui\u00e7\u00e3o. Cada detalhe reflete a energia e a tenacidade de todos os que colaboraram para a inaugura\u00e7\u00e3o, ocorrida a <strong>1 de julho de 2024<\/strong>.<\/p>\n<p>Olhar em frente continua a ser o lema principal. Sem dar foco ao que \u00e9 negativo e refletindo diariamente no \u00eaxito alcan\u00e7ado, a SRML ignora os &#8220;Velhos do Restelo&#8221; que possam surgir. A mem\u00f3ria e a hist\u00f3ria destes <strong>118 anos (1906-2024)<\/strong> s\u00e3o grandiosas e perdurar\u00e3o para sempre.<\/p>\n<p><em>O Curador: Augusto Moura Brito<\/em><br><em>06\/09\/2024<\/em><\/p>\n\n\n\n\n\n\n","protected":false},"excerpt":{"rendered":"<p>O Museu da Banda: Mem\u00f3ria e Futuro de Loriga O Museu da Banda \u00e9 o novo espa\u00e7o cultural da vila de Loriga. Este local nasce do revivalismo identit\u00e1rio daqueles que tocaram os seus instrumentos ao longo das d\u00e9cadas, cruzando-se com a viv\u00eancia atual dos m\u00fasicos filarm\u00f3nicos. A partir deste esp\u00f3lio, projeta-se e organiza-se o futuro<a href=\"https:\/\/www.bandadeloriga.pt\/?page_id=4343\">[&#8230;]<\/a><\/p>\n","protected":false},"author":1,"featured_media":0,"parent":0,"menu_order":0,"comment_status":"closed","ping_status":"closed","template":"","meta":{"ngg_post_thumbnail":0,"footnotes":""},"class_list":["post-4343","page","type-page","status-publish","hentry"],"_links":{"self":[{"href":"https:\/\/www.bandadeloriga.pt\/index.php?rest_route=\/wp\/v2\/pages\/4343","targetHints":{"allow":["GET"]}}],"collection":[{"href":"https:\/\/www.bandadeloriga.pt\/index.php?rest_route=\/wp\/v2\/pages"}],"about":[{"href":"https:\/\/www.bandadeloriga.pt\/index.php?rest_route=\/wp\/v2\/types\/page"}],"author":[{"embeddable":true,"href":"https:\/\/www.bandadeloriga.pt\/index.php?rest_route=\/wp\/v2\/users\/1"}],"replies":[{"embeddable":true,"href":"https:\/\/www.bandadeloriga.pt\/index.php?rest_route=%2Fwp%2Fv2%2Fcomments&post=4343"}],"version-history":[{"count":8,"href":"https:\/\/www.bandadeloriga.pt\/index.php?rest_route=\/wp\/v2\/pages\/4343\/revisions"}],"predecessor-version":[{"id":4414,"href":"https:\/\/www.bandadeloriga.pt\/index.php?rest_route=\/wp\/v2\/pages\/4343\/revisions\/4414"}],"wp:attachment":[{"href":"https:\/\/www.bandadeloriga.pt\/index.php?rest_route=%2Fwp%2Fv2%2Fmedia&parent=4343"}],"curies":[{"name":"wp","href":"https:\/\/api.w.org\/{rel}","templated":true}]}}